{"id":15,"date":"2014-02-13T16:13:42","date_gmt":"2014-02-13T16:13:42","guid":{"rendered":"http:\/\/hemolab.lncc.br\/web\/?page_id=15"},"modified":"2017-05-26T13:19:04","modified_gmt":"2017-05-26T16:19:04","slug":"portals","status":"publish","type":"page","link":"http:\/\/hemolab.lncc.br\/?page_id=15","title":{"rendered":"Portals"},"content":{"rendered":"<style type=\"text\/css\"><!--\n.menuTut{ position:relative; font: 12px Arial, Helvetica, sans-serif; font-weight: bold; color:#E00101; text-decoration:none; display:initial;} .menuTut:hover { color:#FFFFFF;  background-color:#E00101; text-decoration:none; }\n--><\/style>\n<table border=\"0\" width=\"85%\" align=\"center\">\n<tbody>\n<tr>\n<td colspan=\"2\" height=\"38\"><strong>\u00a0Public <strong>access<\/strong>:<\/strong><\/td>\n<\/tr>\n<tr>\n<td>\u00a0<img decoding=\"async\" class=\"size-medium wp-image-454 aligncenter\" src=\"..\/wp-content\/uploads\/2014\/10\/adan.png\" alt=\"adan\" width=\"350\" border=\"0\" \/><\/td>\n<td>\u00a0<img decoding=\"async\" class=\"size-medium wp-image-456 aligncenter\" src=\"..\/wp-content\/uploads\/2014\/10\/MACC.png\" alt=\"MACC - Medicina Assistida por Computa\u00e7\u00e3o Cient\u00edfica\" width=\"350\" border=\"0\" \/><\/td>\n<\/tr>\n<tr>\n<td style=\"text-align: center;\"><a  class=\"menuTut\"  href=\"http:\/\/hemolab.lncc.br\/adan-web\/\" target=\"_blank\">\u00a0Adan Web<\/a> &#8211; <a href=\"http:\/\/hemo01a.hemolab.lncc.br\/adan-web\/\" target=\"_blank\"  class=\"menuTut\" >mirror<\/a><\/td>\n<td style=\"text-align: center;\"><a class=\"menuTut\"  href=\"http:\/\/macc.lncc.br\/\" target=\"_blank\" >\u00a0INCT-MACC<\/a><\/td>\n<\/tr>\n<tr>\n<td colspan=\"2\"><img decoding=\"async\" loading=\"lazy\" class=\"aligncenter size-medium wp-image-1208\" src=\"..\/wp-content\/uploads\/2014\/02\/aneurisma1-350x206.jpg\" alt=\"aneurisma\" width=\"350\" height=\"206\" \/><\/td>\n<td><\/td>\n<\/tr>\n<tr>\n<td style=\"text-align: center;\" colspan=\"2\"><a href=\"http:\/\/hemolab.lncc.br\/3DBrainAneurysm\/\" target=\"_blank\"  class=\"menuTut\" >3D Brain Aneurysm DataBase<\/a><\/td>\n<\/tr>\n<tr>\n<td colspan=\"2\" height=\"38\">\u00a0<strong>Restricted <strong>access<\/strong>:<\/strong><\/td>\n<\/tr>\n<tr>\n<td valign=\"top\"><img decoding=\"async\" class=\"aligncenter\" src=\"..\/wp-content\/uploads\/2014\/10\/aneurismaDB.png\" alt=\"Aneurisma - DB\" width=\"350\" border=\"0\" \/><\/td>\n<td valign=\"top\"><img decoding=\"async\" class=\"alignnone size-medium wp-image-457 aligncenter\" src=\"..\/wp-content\/uploads\/2014\/10\/joomla.png\" alt=\"repository\" width=\"350\" border=\"0\" \/><\/td>\n<\/tr>\n<tr>\n<td style=\"text-align: center;\"><a  class=\"menuTut\" href=\"http:\/\/hemo01a.hemolab.lncc.br\/aneurisma\/login\/login.php\" target=\"_blank\">\u00a0Aneurisma DB<\/a><\/td>\n<td style=\"text-align: center;\"><a class=\"menuTut\" href=\"http:\/\/hemo01a.hemolab.lncc.br\/joomla\/index.php\" target=\"_blank\">\u00a0HeMoLab repository<\/a><\/td>\n<\/tr>\n<\/tbody>\n<\/table>\n<p><a href=\"http:\/\/hemolab.lncc.br\/\"><img decoding=\"async\" loading=\"lazy\" alt=\"back\" src=\"..\/wp-content\/uploads\/2014\/08\/back.gif\" width=\"50\" height=\"14\" \/><\/a><\/p>\n","protected":false},"excerpt":{"rendered":"<p>\u00a0Public access: \u00a0 \u00a0 \u00a0Adan Web &#8211; mirror \u00a0INCT-MACC 3D Brain Aneurysm DataBase \u00a0Restricted access: \u00a0Aneurisma DB \u00a0HeMoLab repository<\/p>\n","protected":false},"author":3,"featured_media":0,"parent":0,"menu_order":0,"comment_status":"open","ping_status":"open","template":"","meta":[],"_links":{"self":[{"href":"http:\/\/hemolab.lncc.br\/index.php?rest_route=\/wp\/v2\/pages\/15"}],"collection":[{"href":"http:\/\/hemolab.lncc.br\/index.php?rest_route=\/wp\/v2\/pages"}],"about":[{"href":"http:\/\/hemolab.lncc.br\/index.php?rest_route=\/wp\/v2\/types\/page"}],"author":[{"embeddable":true,"href":"http:\/\/hemolab.lncc.br\/index.php?rest_route=\/wp\/v2\/users\/3"}],"replies":[{"embeddable":true,"href":"http:\/\/hemolab.lncc.br\/index.php?rest_route=%2Fwp%2Fv2%2Fcomments&post=15"}],"version-history":[{"count":41,"href":"http:\/\/hemolab.lncc.br\/index.php?rest_route=\/wp\/v2\/pages\/15\/revisions"}],"predecessor-version":[{"id":1375,"href":"http:\/\/hemolab.lncc.br\/index.php?rest_route=\/wp\/v2\/pages\/15\/revisions\/1375"}],"wp:attachment":[{"href":"http:\/\/hemolab.lncc.br\/index.php?rest_route=%2Fwp%2Fv2%2Fmedia&parent=15"}],"curies":[{"name":"wp","href":"https:\/\/api.w.org\/{rel}","templated":true}]}}